{"id":3,"date":"2024-12-05T17:06:16","date_gmt":"2024-12-05T16:06:16","guid":{"rendered":"https:\/\/gite-lepetitmunet.fr\/?page_id=3"},"modified":"2025-01-20T13:09:36","modified_gmt":"2025-01-20T12:09:36","slug":"politique-de-confidentialite","status":"publish","type":"page","link":"https:\/\/gite-lepetitmunet.fr\/index.php\/politique-de-confidentialite\/","title":{"rendered":"Politique de confidentialit\u00e9"},"content":{"rendered":"<style>.wp-block-kadence-advancedheading.kt-adv-heading3_a1a3a9-2f, .wp-block-kadence-advancedheading.kt-adv-heading3_a1a3a9-2f[data-kb-block=\"kb-adv-heading3_a1a3a9-2f\"]{font-style:normal;}.wp-block-kadence-advancedheading.kt-adv-heading3_a1a3a9-2f mark.kt-highlight, .wp-block-kadence-advancedheading.kt-adv-heading3_a1a3a9-2f[data-kb-block=\"kb-adv-heading3_a1a3a9-2f\"] mark.kt-highlight{font-style:normal;color:#f76a0c;-webkit-box-decoration-break:clone;box-decoration-break:clone;padding-top:0px;padding-right:0px;padding-bottom:0px;padding-left:0px;}.wp-block-kadence-advancedheading.kt-adv-heading3_a1a3a9-2f img.kb-inline-image, .wp-block-kadence-advancedheading.kt-adv-heading3_a1a3a9-2f[data-kb-block=\"kb-adv-heading3_a1a3a9-2f\"] img.kb-inline-image{width:150px;vertical-align:baseline;}<\/style>\n<p class=\"kt-adv-heading3_a1a3a9-2f wp-block-kadence-advancedheading\" data-kb-block=\"kb-adv-heading3_a1a3a9-2f\"><strong>Le d\u00e9veloppement des nouveaux outils de communication n\u00e9cessite de porter une attention particuli\u00e8re \u00e0 la protection de la vie priv\u00e9e.<\/strong><br><strong>C\u2019est pourquoi, nous nous engageons \u00e0 respecter la confidentialit\u00e9 des renseignements personnels que nous collectons.<\/strong><\/p>\n\n\n\n<p><strong>L\u2019utilisateur du pr\u00e9sent site est inform\u00e9 que, lors de sa navigation sur le site , des donn\u00e9es \u00e0 caract\u00e8re personnel le concernant peuvent lui \u00eatre demand\u00e9 via un formulaire \u00e0 remplir. Ces donn\u00e9es sont utilis\u00e9es en cas d\u2019une demande de prise de contact, ou d\u2019une question de l\u2019utilisateur, pour lui apporter une r\u00e9ponse.<\/strong><\/p>\n\n\n\n<h3 class=\"wp-block-heading\">Donn\u00e9es collect\u00e9es et trait\u00e9es<\/h3>\n\n\n\n<p>Conform\u00e9ment aux dispositions de l\u2019article 5 du r\u00e8glement europ\u00e9en 2016\/679, la collecte et le traitement des donn\u00e9es des utilisateurs du site respectent les principes suivants :<\/p>\n\n\n\n<ul class=\"wp-block-list\">\n<li>Lic\u00e9it\u00e9, loyaut\u00e9 et transparence : les donn\u00e9es ne peuvent \u00eatre collect\u00e9es et trait\u00e9es qu\u2019avec le consentement de l\u2019utilisateur propri\u00e9taire des donn\u00e9es. A chaque fois que des donn\u00e9es \u00e0 caract\u00e8re personnel seront collect\u00e9es, il sera indiqu\u00e9 \u00e0 l\u2019utilisateur que ses donn\u00e9es sont collect\u00e9es, et pour quelles raisons ses donn\u00e9es sont collect\u00e9es.<\/li>\n\n\n\n<li>Finalit\u00e9s limit\u00e9es : la collecte et le traitement des donn\u00e9es sont ex\u00e9cut\u00e9s pour r\u00e9pondre \u00e0 un ou plusieurs objectifs d\u00e9termin\u00e9s dans la pr\u00e9sente politique de confidentialit\u00e9.<\/li>\n\n\n\n<li>Minimisation de la collecte et du traitement des donn\u00e9es : seules les donn\u00e9es n\u00e9cessaires \u00e0 la bonne ex\u00e9cution des objectifs poursuivis par le site sont collect\u00e9es.<\/li>\n\n\n\n<li>Conservation des donn\u00e9es r\u00e9duites dans le temps : les donn\u00e9es sont conserv\u00e9es pour une dur\u00e9e limit\u00e9e, dont l\u2019utilisateur est inform\u00e9.<\/li>\n\n\n\n<li>Int\u00e9grit\u00e9 et confidentialit\u00e9 des donn\u00e9es collect\u00e9es et trait\u00e9es : le responsable du traitement des donn\u00e9es s\u2019engage \u00e0 garantir l\u2019int\u00e9grit\u00e9 et la confidentialit\u00e9 des donn\u00e9es collect\u00e9es.<\/li>\n<\/ul>\n\n\n\n<p>Afin d\u2019\u00eatre licite, et ce conform\u00e9ment aux exigences de l\u2019article 6 du r\u00e8glement europ\u00e9en 2016\/679, la collecte et le traitement des donn\u00e9es \u00e0 caract\u00e8re personnel ne pourront intervenir que s\u2019ils respectent au moins l\u2019une des conditions ci-apr\u00e8s \u00e9num\u00e9r\u00e9es :<\/p>\n\n\n\n<ul class=\"wp-block-list\">\n<li>L\u2019utilisateur a express\u00e9ment consenti au traitement.<\/li>\n\n\n\n<li>Le traitement est n\u00e9cessaire \u00e0 la bonne ex\u00e9cution d\u2019un contrat.<\/li>\n\n\n\n<li>Le traitement r\u00e9pond \u00e0 une obligation l\u00e9gale.<\/li>\n\n\n\n<li>Le traitement s\u2019explique par une n\u00e9cessit\u00e9 li\u00e9e \u00e0 la sauvegarde des int\u00e9r\u00eats vitaux de la personne concern\u00e9e ou d\u2019une autre personne physique.<\/li>\n\n\n\n<li>Le traitement peut s\u2019expliquer par une n\u00e9cessit\u00e9 li\u00e9e \u00e0 l\u2019ex\u00e9cution d\u2019une mission d\u2019int\u00e9r\u00eat public ou qui rel\u00e8ve de l\u2019exercice de l\u2019autorit\u00e9 publique<\/li>\n\n\n\n<li>Le traitement et la collecte des donn\u00e9es \u00e0 caract\u00e8re personnel sont n\u00e9cessaires aux fins des int\u00e9r\u00eats l\u00e9gitimes et priv\u00e9s poursuivis par le responsable du traitement ou par un tiers.<\/li>\n<\/ul>\n\n\n\n<p>Les donn\u00e9es \u00e0 caract\u00e8re personnel collect\u00e9es sur le https:\/\/gite-lepetitmunet.fr\/\u00a0sont les suivantes :<br>\u2013 Nom, Pr\u00e9nom, E-mail, T\u00e9l\u00e9phone.<\/p>\n\n\n\n<p>Ces donn\u00e9es sont collect\u00e9es lorsque l\u2019utilisateur effectue l\u2019op\u00e9ration suivante sur le site : acc\u00e8s au formulaire de contact. Le responsable du traitement conservera dans ses syst\u00e8mes informatiques du site et dans des conditions raisonnables de s\u00e9curit\u00e9 l\u2019ensemble des donn\u00e9es collect\u00e9es pour une dur\u00e9e de : 1 an.<\/p>\n\n\n\n<p>La collecte et le traitement des donn\u00e9es r\u00e9pondent aux finalit\u00e9s suivantes :<br>\u2013 Les donn\u00e9es sont uniquement collect\u00e9es pour recontacter l\u2019utilisateur suite \u00e0 une demande effectu\u00e9e sur le formulaire de contact.<\/p>\n\n\n\n<h3 class=\"wp-block-heading\">Droits de l\u2019utilisateur et proc\u00e9dures de mise en \u0153uvre des droits de l\u2019utilisateur<\/h3>\n\n\n\n<p>Conform\u00e9ment \u00e0 la r\u00e9glementation concernant le traitement des donn\u00e9es \u00e0 caract\u00e8re personnel, l\u2019utilisateur poss\u00e8de les droits ci-apr\u00e8s \u00e9num\u00e9r\u00e9s. Afin que le responsable du traitement des donn\u00e9es fasse droit \u00e0 sa demande, l\u2019utilisateur est tenu de lui communiquer : ses pr\u00e9nom et nom ainsi que son adresse e-mail.<br>Le responsable du traitement des donn\u00e9es est tenu de r\u00e9pondre \u00e0 l\u2019utilisateur dans un d\u00e9lai de 30 (trente) jours maximum.<\/p>\n\n\n\n<h3 class=\"wp-block-heading\">Droit d\u2019acc\u00e8s, de rectification et droit \u00e0 l\u2019oubli<\/h3>\n\n\n\n<p>L\u2019utilisateur peut prendre connaissance, mettre \u00e0 jour, modifier ou demander la suppression des donn\u00e9es le concernant, en respectant la proc\u00e9dure ci-apr\u00e8s \u00e9nonc\u00e9e :<\/p>\n\n\n\n<p>L\u2019utilisateur doit envoyer un e-mail au responsable du traitement des donn\u00e9es personnelles, en pr\u00e9cisant son nom, pr\u00e9nom, adresse e-mail et l\u2019objet de sa demande et en utilisant l\u2019adresse e-mail de contact qui est : petitmunet@gmail.com .<\/p>\n\n\n\n<p>S\u2019il en poss\u00e8de un, l\u2019utilisateur a le droit de demander la suppression de son espace personnel en suivant la proc\u00e9dure suivante :<br>L\u2019utilisateur doit envoyer un e-mail au responsable du traitement des donn\u00e9es, en pr\u00e9cisant son nom, pr\u00e9nom et adresse e-mail. La demande de suppression des donn\u00e9es sera trait\u00e9e dans un d\u00e9lai de 10 jours ouvr\u00e9s.<\/p>\n\n\n\n<h3 class=\"wp-block-heading\">Droit \u00e0 la limitation et \u00e0 l\u2019opposition du traitement des donn\u00e9es<\/h3>\n\n\n\n<p>Enfin, l\u2019utilisateur a le droit de demander la limitation ou de s\u2019opposer au traitement de ses donn\u00e9es par le site, sans que le site ne puisse refuser, sauf \u00e0 d\u00e9montrer l\u2019existence de motifs l\u00e9gitimes et imp\u00e9rieux, pouvant pr\u00e9valoir sur les int\u00e9r\u00eats et les droits et libert\u00e9s de l\u2019utilisateur.<\/p>\n\n\n\n<h3 class=\"wp-block-heading\">Droit de saisir l\u2019autorit\u00e9 de contr\u00f4le comp\u00e9tente<\/h3>\n\n\n\n<p>Dans le cas o\u00f9 le responsable du traitement des donn\u00e9es d\u00e9cide de ne pas r\u00e9pondre \u00e0 la demande de l\u2019utilisateur, et que l\u2019utilisateur souhaite contester cette d\u00e9cision, il est en droit de saisir la CNIL (Commission Nationale de l\u2019Informatique et des Libert\u00e9s, https:\/\/www.cnil.fr) ou tout juge comp\u00e9tent.<\/p>\n\n\n\n<h3 class=\"wp-block-heading\">Obligations du responsable du traitement des donn\u00e9es<\/h3>\n\n\n\n<p>Le responsable du traitement s\u2019engage \u00e0 prot\u00e9ger les donn\u00e9es \u00e0 caract\u00e8re personnel collect\u00e9es, \u00e0 ne pas les transmettre \u00e0 des tiers sans que l\u2019utilisateur n\u2019en ait \u00e9t\u00e9 inform\u00e9 et \u00e0 respecter les finalit\u00e9s pour lesquelles ces donn\u00e9es ont \u00e9t\u00e9 collect\u00e9es.<br>Le site dispose d\u2019un certificat SSL afin de garantir que les informations et le transfert des donn\u00e9es transitant par le site sont s\u00e9curis\u00e9s.<br>De plus, le responsable du traitement des donn\u00e9es s\u2019engage \u00e0 notifier l\u2019utilisateur en cas de rectification ou de suppression des donn\u00e9es, \u00e0 moins que cela n\u2019entra\u00eene pour lui des formalit\u00e9s, co\u00fbts et d\u00e9marches disproportionn\u00e9s.<br>Dans le cas o\u00f9 l\u2019int\u00e9grit\u00e9, la confidentialit\u00e9 ou la s\u00e9curit\u00e9 des donn\u00e9es \u00e0 caract\u00e8re personnel de l\u2019utilisateur est compromise, le responsable du traitement s\u2019engage \u00e0 informer l\u2019utilisateur par tout moyen.<\/p>\n\n\n\n<h2 class=\"wp-block-heading\">Utilisation de t\u00e9moins (\u2018cookies\u2019)<\/h2>\n\n\n\n<p>Le site a \u00e9ventuellement recours aux techniques de \u00ab cookies \u00bb lui permettant de traiter des statistiques et des informations sur le trafic, de faciliter la navigation et d\u2019am\u00e9liorer le service pour le confort de l\u2019utilisateur. Pour l\u2019utilisation de fichiers \u00ab cookies \u00bb impliquant la sauvegarde et l\u2019analyse de donn\u00e9es \u00e0 caract\u00e8re personnel, le consentement de l\u2019utilisateur est n\u00e9cessairement demand\u00e9.<\/p>\n\n\n\n<p>Ce consentement de l\u2019utilisateur est consid\u00e9r\u00e9 comme valide pour une dur\u00e9e de 13 (treize) mois maximum. A l\u2019issue de cette p\u00e9riode, le site demandera \u00e0 nouveau l\u2019autorisation de l\u2019utilisateur pour enregistrer des fichiers \u00ab cookies \u00bb sur son disque dur.<\/p>\n\n\n\n<h3 class=\"wp-block-heading\">1. Opposition de l\u2019utilisateur \u00e0 l\u2019utilisation de fichiers \u00ab cookies \u00bb par le site<\/h3>\n\n\n\n<p>Il est port\u00e9 \u00e0 la connaissance de l\u2019utilisateur qu\u2019il peut s\u2019opposer \u00e0 l\u2019enregistrement de ces \u00ab cookies \u00bb en configurant son logiciel de navigation.<br>Dans le cas o\u00f9 l\u2019utilisateur d\u00e9cide de d\u00e9sactiver les fichiers \u00ab cookies \u00bb, il pourra poursuivre sa navigation sur le site. Toutefois, tout dysfonctionnement du site provoqu\u00e9 par cette manipulation ne pourrait \u00eatre consid\u00e9r\u00e9 comme \u00e9tant du fait de l\u2019\u00e9diteur du site.<\/p>\n\n\n\n<h3 class=\"wp-block-heading\">2. Description des fichiers \u00ab cookies \u00bb utilis\u00e9s par le site<\/h3>\n\n\n\n<p>L\u2019\u00e9diteur du site attire l\u2019attention de l\u2019utilisateur sur le fait que les cookies suivants sont utilis\u00e9s lors de sa navigation :<br>\u2013 Consultation des pages<\/p>\n\n\n\n<p>En naviguant sur le site, il est port\u00e9 \u00e0 connaissance de l\u2019utilisateur que des fichiers \u00ab cookies \u00bb de tiers peuvent \u00eatre enregistr\u00e9s.<\/p>\n\n\n\n<p>Il s\u2019agit plus particuli\u00e8rement des tiers suivants :<br>\u2013 Google Analytics : analyse des comportements de navigation afin de r\u00e9aliser des statistiques d\u2019audience, d\u2019am\u00e9liorer votre exp\u00e9rience d\u2019utilisateur et de vous offrir des contenus personnalis\u00e9s.<br>L\u2019attention de l\u2019utilisateur est port\u00e9e sur le fait que ces sites disposent de politiques de confidentialit\u00e9 propres, possiblement diff\u00e9rentes de celles pr\u00e9sent\u00e9es ici. L\u2019\u00e9diteur du site invite les utilisateurs \u00e0 consulter les politiques de confidentialit\u00e9 et de gestions des donn\u00e9es personnelles de ces sites.<\/p>\n\n\n<style>.kb-row-layout-id3_d6342c-44 > .kt-row-column-wrap{align-content:start;}:where(.kb-row-layout-id3_d6342c-44 > .kt-row-column-wrap) > .wp-block-kadence-column{justify-content:start;}.kb-row-layout-id3_d6342c-44 > .kt-row-column-wrap{column-gap:var(--global-kb-gap-md, 2rem);row-gap:var(--global-kb-gap-md, 2rem);padding-top:var(--global-kb-spacing-sm, 1.5rem);padding-bottom:var(--global-kb-spacing-sm, 1.5rem);grid-template-columns:minmax(0, 1fr);}.kb-row-layout-id3_d6342c-44 > .kt-row-layout-overlay{opacity:0.30;}.kb-row-layout-id3_d6342c-44 .kt-row-layout-bottom-sep{height:100px;}.kb-row-layout-id3_d6342c-44 .kt-row-layout-bottom-sep svg{width:100%;}.kb-row-layout-id3_d6342c-44 .kt-row-layout-bottom-sep svg{fill:var(--global-palette5, #4A5568)!important;}.kb-row-layout-id3_d6342c-44 .kt-row-layout-top-sep{height:100px;}.kb-row-layout-id3_d6342c-44 .kt-row-layout-top-sep svg{width:100%;}.kb-row-layout-id3_d6342c-44 .kt-row-layout-top-sep svg{fill:#ffffff!important;}@media all and (max-width: 1024px){.kb-row-layout-id3_d6342c-44 > .kt-row-column-wrap{grid-template-columns:minmax(0, 1fr);}}@media all and (max-width: 1024px){.kb-row-layout-id3_d6342c-44 .kt-row-layout-bottom-sep{height:px;}}@media all and (max-width: 1024px){.kb-row-layout-id3_d6342c-44 .kt-row-layout-bottom-sep svg{width:%;}}@media all and (max-width: 767px){.kb-row-layout-id3_d6342c-44 > .kt-row-column-wrap{grid-template-columns:minmax(0, 1fr);}.kb-row-layout-id3_d6342c-44 .kt-row-layout-bottom-sep{height:px;}.kb-row-layout-id3_d6342c-44 .kt-row-layout-bottom-sep svg{width:%;}}<\/style><div class=\"kb-row-layout-wrap kb-row-layout-id3_d6342c-44 alignfull wp-block-kadence-rowlayout\"><div class=\"kt-row-layout-bottom-sep kt-row-sep-type-wave\"><svg viewBox=\"0 0 1000 100\" preserveAspectRatio=\"none\"><path d=\"M1000,40c0,0 -120.077,-38.076 -250,-38c-129.923,0.076 -345.105,78 -500,78c-154.895,0 -250,-30 -250,-30l0,50l1000,0l0,-60Z\" \/><\/svg><\/div><div class=\"kt-row-column-wrap kt-has-1-columns kt-row-layout-equal kt-tab-layout-inherit kt-mobile-layout-row kt-row-valign-top\">\n<style>.kadence-column3_be3f13-62 > .kt-inside-inner-col,.kadence-column3_be3f13-62 > .kt-inside-inner-col:before{border-top-left-radius:0px;border-top-right-radius:0px;border-bottom-right-radius:0px;border-bottom-left-radius:0px;}.kadence-column3_be3f13-62 > .kt-inside-inner-col{column-gap:var(--global-kb-gap-sm, 1rem);}.kadence-column3_be3f13-62 > .kt-inside-inner-col{flex-direction:column;}.kadence-column3_be3f13-62 > .kt-inside-inner-col > .aligncenter{width:100%;}.kadence-column3_be3f13-62 > .kt-inside-inner-col:before{opacity:0.3;}.kadence-column3_be3f13-62{position:relative;}@media all and (max-width: 1024px){.kadence-column3_be3f13-62 > .kt-inside-inner-col{flex-direction:column;justify-content:center;}}@media all and (max-width: 767px){.kadence-column3_be3f13-62 > .kt-inside-inner-col{flex-direction:column;justify-content:center;}}<\/style>\n<div class=\"wp-block-kadence-column kadence-column3_be3f13-62\"><div class=\"kt-inside-inner-col\"><\/div><\/div>\n\n<\/div><\/div>","protected":false},"excerpt":{"rendered":"<p>Le d\u00e9veloppement des nouveaux outils de communication n\u00e9cessite de porter une attention particuli\u00e8re \u00e0 la protection de la vie priv\u00e9e.C\u2019est pourquoi, nous nous engageons \u00e0 respecter la confidentialit\u00e9 des renseignements personnels que nous collectons. L\u2019utilisateur du pr\u00e9sent site est inform\u00e9 que, lors de sa navigation sur le site , des donn\u00e9es \u00e0 caract\u00e8re personnel le&#8230;<\/p>\n","protected":false},"author":1,"featured_media":0,"parent":0,"menu_order":0,"comment_status":"closed","ping_status":"open","template":"","meta":{"_kad_post_transparent":"default","_kad_post_title":"show","_kad_post_layout":"narrow","_kad_post_sidebar_id":"","_kad_post_content_style":"boxed","_kad_post_vertical_padding":"show","_kad_post_feature":"","_kad_post_feature_position":"","_kad_post_header":false,"_kad_post_footer":false,"_glsr_average":0,"_glsr_ranking":0,"_glsr_reviews":0,"footnotes":""},"class_list":["post-3","page","type-page","status-publish","hentry"],"yoast_head":"<!-- This site is optimized with the Yoast SEO plugin v27.4 - https:\/\/yoast.com\/product\/yoast-seo-wordpress\/ -->\n<title>Politique de confidentialit\u00e9 - G\u00eete en Indre et Loire<\/title>\n<meta name=\"description\" content=\"D\u00e9couvrez Le Petit Munet, un g\u00eete de charme en Indre et Loire, offrant confort et d\u00e9tente. Profitez d&#039;un cadre paisible, pouvant accueillir jusqu\u2019\u00e0 15 personnes, id\u00e9al pour des s\u00e9jours en famille ou entre amis. R\u00e9servez d\u00e8s maintenant pour un s\u00e9jour inoubliable.\" \/>\n<meta name=\"robots\" content=\"index, follow, max-snippet:-1, max-image-preview:large, max-video-preview:-1\" \/>\n<link rel=\"canonical\" href=\"https:\/\/gite-lepetitmunet.fr\/index.php\/politique-de-confidentialite\/\" \/>\n<meta property=\"og:locale\" content=\"fr_FR\" \/>\n<meta property=\"og:type\" content=\"article\" \/>\n<meta property=\"og:title\" content=\"Politique de confidentialit\u00e9 - G\u00eete en Indre et Loire\" \/>\n<meta property=\"og:description\" content=\"D\u00e9couvrez Le Petit Munet, un g\u00eete de charme en Indre et Loire, offrant confort et d\u00e9tente. Profitez d&#039;un cadre paisible, pouvant accueillir jusqu\u2019\u00e0 15 personnes, id\u00e9al pour des s\u00e9jours en famille ou entre amis. R\u00e9servez d\u00e8s maintenant pour un s\u00e9jour inoubliable.\" \/>\n<meta property=\"og:url\" content=\"https:\/\/gite-lepetitmunet.fr\/index.php\/politique-de-confidentialite\/\" \/>\n<meta property=\"og:site_name\" content=\"Le petit Munet\" \/>\n<meta property=\"article:modified_time\" content=\"2025-01-20T12:09:36+00:00\" \/>\n<meta property=\"og:image\" content=\"https:\/\/gite-lepetitmunet.fr\/wp-content\/uploads\/2024\/12\/logo_le_petit_munet_carre.jpg\" \/>\n\t<meta property=\"og:image:width\" content=\"486\" \/>\n\t<meta property=\"og:image:height\" content=\"486\" \/>\n\t<meta property=\"og:image:type\" content=\"image\/jpeg\" \/>\n<meta name=\"twitter:card\" content=\"summary_large_image\" \/>\n<meta name=\"twitter:label1\" content=\"Dur\u00e9e de lecture estim\u00e9e\" \/>\n\t<meta name=\"twitter:data1\" content=\"7 minutes\" \/>\n<script type=\"application\/ld+json\" class=\"yoast-schema-graph\">{\"@context\":\"https:\\\/\\\/schema.org\",\"@graph\":[{\"@type\":\"WebPage\",\"@id\":\"https:\\\/\\\/gite-lepetitmunet.fr\\\/index.php\\\/politique-de-confidentialite\\\/\",\"url\":\"https:\\\/\\\/gite-lepetitmunet.fr\\\/index.php\\\/politique-de-confidentialite\\\/\",\"name\":\"Politique de confidentialit\u00e9 - G\u00eete en Indre et Loire\",\"isPartOf\":{\"@id\":\"https:\\\/\\\/gite-lepetitmunet.fr\\\/#website\"},\"datePublished\":\"2024-12-05T16:06:16+00:00\",\"dateModified\":\"2025-01-20T12:09:36+00:00\",\"description\":\"D\u00e9couvrez Le Petit Munet, un g\u00eete de charme en Indre et Loire, offrant confort et d\u00e9tente. Profitez d'un cadre paisible, pouvant accueillir jusqu\u2019\u00e0 15 personnes, id\u00e9al pour des s\u00e9jours en famille ou entre amis. R\u00e9servez d\u00e8s maintenant pour un s\u00e9jour inoubliable.\",\"breadcrumb\":{\"@id\":\"https:\\\/\\\/gite-lepetitmunet.fr\\\/index.php\\\/politique-de-confidentialite\\\/#breadcrumb\"},\"inLanguage\":\"fr-FR\",\"potentialAction\":[{\"@type\":\"ReadAction\",\"target\":[\"https:\\\/\\\/gite-lepetitmunet.fr\\\/index.php\\\/politique-de-confidentialite\\\/\"]}]},{\"@type\":\"BreadcrumbList\",\"@id\":\"https:\\\/\\\/gite-lepetitmunet.fr\\\/index.php\\\/politique-de-confidentialite\\\/#breadcrumb\",\"itemListElement\":[{\"@type\":\"ListItem\",\"position\":1,\"name\":\"Accueil\",\"item\":\"https:\\\/\\\/gite-lepetitmunet.fr\\\/\"},{\"@type\":\"ListItem\",\"position\":2,\"name\":\"Politique de confidentialit\u00e9\"}]},{\"@type\":\"WebSite\",\"@id\":\"https:\\\/\\\/gite-lepetitmunet.fr\\\/#website\",\"url\":\"https:\\\/\\\/gite-lepetitmunet.fr\\\/\",\"name\":\"Gite-LePetitMunet.fr\",\"description\":\"G\u00eete en Indre et Loire\",\"publisher\":{\"@id\":\"https:\\\/\\\/gite-lepetitmunet.fr\\\/#organization\"},\"potentialAction\":[{\"@type\":\"SearchAction\",\"target\":{\"@type\":\"EntryPoint\",\"urlTemplate\":\"https:\\\/\\\/gite-lepetitmunet.fr\\\/?s={search_term_string}\"},\"query-input\":{\"@type\":\"PropertyValueSpecification\",\"valueRequired\":true,\"valueName\":\"search_term_string\"}}],\"inLanguage\":\"fr-FR\"},{\"@type\":\"Organization\",\"@id\":\"https:\\\/\\\/gite-lepetitmunet.fr\\\/#organization\",\"name\":\"Le petit Munet\",\"url\":\"https:\\\/\\\/gite-lepetitmunet.fr\\\/\",\"logo\":{\"@type\":\"ImageObject\",\"inLanguage\":\"fr-FR\",\"@id\":\"https:\\\/\\\/gite-lepetitmunet.fr\\\/#\\\/schema\\\/logo\\\/image\\\/\",\"url\":\"https:\\\/\\\/gite-lepetitmunet.fr\\\/wp-content\\\/uploads\\\/2024\\\/12\\\/logo_alternatif_fav_lpm_carre.png\",\"contentUrl\":\"https:\\\/\\\/gite-lepetitmunet.fr\\\/wp-content\\\/uploads\\\/2024\\\/12\\\/logo_alternatif_fav_lpm_carre.png\",\"width\":487,\"height\":487,\"caption\":\"Le petit Munet\"},\"image\":{\"@id\":\"https:\\\/\\\/gite-lepetitmunet.fr\\\/#\\\/schema\\\/logo\\\/image\\\/\"}}]}<\/script>\n<!-- \/ Yoast SEO plugin. -->","yoast_head_json":{"title":"Politique de confidentialit\u00e9 - G\u00eete en Indre et Loire","description":"D\u00e9couvrez Le Petit Munet, un g\u00eete de charme en Indre et Loire, offrant confort et d\u00e9tente. Profitez d'un cadre paisible, pouvant accueillir jusqu\u2019\u00e0 15 personnes, id\u00e9al pour des s\u00e9jours en famille ou entre amis. R\u00e9servez d\u00e8s maintenant pour un s\u00e9jour inoubliable.","robots":{"index":"index","follow":"follow","max-snippet":"max-snippet:-1","max-image-preview":"max-image-preview:large","max-video-preview":"max-video-preview:-1"},"canonical":"https:\/\/gite-lepetitmunet.fr\/index.php\/politique-de-confidentialite\/","og_locale":"fr_FR","og_type":"article","og_title":"Politique de confidentialit\u00e9 - G\u00eete en Indre et Loire","og_description":"D\u00e9couvrez Le Petit Munet, un g\u00eete de charme en Indre et Loire, offrant confort et d\u00e9tente. Profitez d'un cadre paisible, pouvant accueillir jusqu\u2019\u00e0 15 personnes, id\u00e9al pour des s\u00e9jours en famille ou entre amis. R\u00e9servez d\u00e8s maintenant pour un s\u00e9jour inoubliable.","og_url":"https:\/\/gite-lepetitmunet.fr\/index.php\/politique-de-confidentialite\/","og_site_name":"Le petit Munet","article_modified_time":"2025-01-20T12:09:36+00:00","og_image":[{"width":486,"height":486,"url":"https:\/\/gite-lepetitmunet.fr\/wp-content\/uploads\/2024\/12\/logo_le_petit_munet_carre.jpg","type":"image\/jpeg"}],"twitter_card":"summary_large_image","twitter_misc":{"Dur\u00e9e de lecture estim\u00e9e":"7 minutes"},"schema":{"@context":"https:\/\/schema.org","@graph":[{"@type":"WebPage","@id":"https:\/\/gite-lepetitmunet.fr\/index.php\/politique-de-confidentialite\/","url":"https:\/\/gite-lepetitmunet.fr\/index.php\/politique-de-confidentialite\/","name":"Politique de confidentialit\u00e9 - G\u00eete en Indre et Loire","isPartOf":{"@id":"https:\/\/gite-lepetitmunet.fr\/#website"},"datePublished":"2024-12-05T16:06:16+00:00","dateModified":"2025-01-20T12:09:36+00:00","description":"D\u00e9couvrez Le Petit Munet, un g\u00eete de charme en Indre et Loire, offrant confort et d\u00e9tente. Profitez d'un cadre paisible, pouvant accueillir jusqu\u2019\u00e0 15 personnes, id\u00e9al pour des s\u00e9jours en famille ou entre amis. R\u00e9servez d\u00e8s maintenant pour un s\u00e9jour inoubliable.","breadcrumb":{"@id":"https:\/\/gite-lepetitmunet.fr\/index.php\/politique-de-confidentialite\/#breadcrumb"},"inLanguage":"fr-FR","potentialAction":[{"@type":"ReadAction","target":["https:\/\/gite-lepetitmunet.fr\/index.php\/politique-de-confidentialite\/"]}]},{"@type":"BreadcrumbList","@id":"https:\/\/gite-lepetitmunet.fr\/index.php\/politique-de-confidentialite\/#breadcrumb","itemListElement":[{"@type":"ListItem","position":1,"name":"Accueil","item":"https:\/\/gite-lepetitmunet.fr\/"},{"@type":"ListItem","position":2,"name":"Politique de confidentialit\u00e9"}]},{"@type":"WebSite","@id":"https:\/\/gite-lepetitmunet.fr\/#website","url":"https:\/\/gite-lepetitmunet.fr\/","name":"Gite-LePetitMunet.fr","description":"G\u00eete en Indre et Loire","publisher":{"@id":"https:\/\/gite-lepetitmunet.fr\/#organization"},"potentialAction":[{"@type":"SearchAction","target":{"@type":"EntryPoint","urlTemplate":"https:\/\/gite-lepetitmunet.fr\/?s={search_term_string}"},"query-input":{"@type":"PropertyValueSpecification","valueRequired":true,"valueName":"search_term_string"}}],"inLanguage":"fr-FR"},{"@type":"Organization","@id":"https:\/\/gite-lepetitmunet.fr\/#organization","name":"Le petit Munet","url":"https:\/\/gite-lepetitmunet.fr\/","logo":{"@type":"ImageObject","inLanguage":"fr-FR","@id":"https:\/\/gite-lepetitmunet.fr\/#\/schema\/logo\/image\/","url":"https:\/\/gite-lepetitmunet.fr\/wp-content\/uploads\/2024\/12\/logo_alternatif_fav_lpm_carre.png","contentUrl":"https:\/\/gite-lepetitmunet.fr\/wp-content\/uploads\/2024\/12\/logo_alternatif_fav_lpm_carre.png","width":487,"height":487,"caption":"Le petit Munet"},"image":{"@id":"https:\/\/gite-lepetitmunet.fr\/#\/schema\/logo\/image\/"}}]}},"_links":{"self":[{"href":"https:\/\/gite-lepetitmunet.fr\/index.php\/wp-json\/wp\/v2\/pages\/3","targetHints":{"allow":["GET"]}}],"collection":[{"href":"https:\/\/gite-lepetitmunet.fr\/index.php\/wp-json\/wp\/v2\/pages"}],"about":[{"href":"https:\/\/gite-lepetitmunet.fr\/index.php\/wp-json\/wp\/v2\/types\/page"}],"author":[{"embeddable":true,"href":"https:\/\/gite-lepetitmunet.fr\/index.php\/wp-json\/wp\/v2\/users\/1"}],"replies":[{"embeddable":true,"href":"https:\/\/gite-lepetitmunet.fr\/index.php\/wp-json\/wp\/v2\/comments?post=3"}],"version-history":[{"count":4,"href":"https:\/\/gite-lepetitmunet.fr\/index.php\/wp-json\/wp\/v2\/pages\/3\/revisions"}],"predecessor-version":[{"id":1919,"href":"https:\/\/gite-lepetitmunet.fr\/index.php\/wp-json\/wp\/v2\/pages\/3\/revisions\/1919"}],"wp:attachment":[{"href":"https:\/\/gite-lepetitmunet.fr\/index.php\/wp-json\/wp\/v2\/media?parent=3"}],"curies":[{"name":"wp","href":"https:\/\/api.w.org\/{rel}","templated":true}]}}